{"id":117,"date":"2024-09-24T23:00:59","date_gmt":"2024-09-24T23:00:59","guid":{"rendered":"https:\/\/solkystenyoga.no\/?page_id=117"},"modified":"2024-10-18T17:50:44","modified_gmt":"2024-10-18T17:50:44","slug":"kontakt","status":"publish","type":"page","link":"https:\/\/solkystenyoga.no\/index.php\/kontakt\/","title":{"rendered":"Kontakt"},"content":{"rendered":"\n<p>Du finner <strong>Solkysten Yoga og Alice sin kvinnesirkel<\/strong> i <br>R\u00f8ysveien 16, 1794 Sponvika<br>i 2. etage.<\/p>\n\n\n\n<p><strong>Parkering<\/strong><br>Vennligst parker inne i g\u00e5rdsplassen eller langs veien i R\u00f8ysveien.<br><br><strong>P\u00e5melding:<\/strong><br><strong>Yoga<\/strong> &#8211; Send e-post til post@solkysteyoga.no eller sms til 99 400 395 <\/p>\n\n\n\n<p><strong>Kvinnesirkler<\/strong> &#8211; Send e-post til kvinnesirkelmedalice@gmail.com eller sms til 99 400 395 <\/p>\n\n\n\n<figure class=\"wp-block-gallery has-nested-images columns-default is-cropped wp-block-gallery-1 is-layout-flex wp-block-gallery-is-layout-flex\">\n<figure class=\"wp-block-image size-large\"><img loading=\"lazy\" decoding=\"async\" width=\"769\" height=\"1024\" data-id=\"174\" src=\"https:\/\/solkystenyoga.no\/wp-content\/uploads\/2024\/10\/D4AA979D-CC4A-420C-A22B-C0208058A5DA-769x1024.jpg\" alt=\"\" class=\"wp-image-174\" srcset=\"https:\/\/solkystenyoga.no\/wp-content\/uploads\/2024\/10\/D4AA979D-CC4A-420C-A22B-C0208058A5DA-769x1024.jpg 769w, https:\/\/solkystenyoga.no\/wp-content\/uploads\/2024\/10\/D4AA979D-CC4A-420C-A22B-C0208058A5DA-225x300.jpg 225w, https:\/\/solkystenyoga.no\/wp-content\/uploads\/2024\/10\/D4AA979D-CC4A-420C-A22B-C0208058A5DA-768x1022.jpg 768w, https:\/\/solkystenyoga.no\/wp-content\/uploads\/2024\/10\/D4AA979D-CC4A-420C-A22B-C0208058A5DA-1154x1536.jpg 1154w, https:\/\/solkystenyoga.no\/wp-content\/uploads\/2024\/10\/D4AA979D-CC4A-420C-A22B-C0208058A5DA-1539x2048.jpg 1539w, https:\/\/solkystenyoga.no\/wp-content\/uploads\/2024\/10\/D4AA979D-CC4A-420C-A22B-C0208058A5DA-scaled.jpg 1923w\" sizes=\"auto, (max-width: 769px) 100vw, 769px\" \/><figcaption class=\"wp-element-caption\">solkystenyoga.no<\/figcaption><\/figure>\n<\/figure>\n\n\n\n<p>Org.nr: 913 806 557<\/p>\n\n\n\n<p>Namaste!<\/p>\n","protected":false},"excerpt":{"rendered":"<p>Du finner Solkysten Yoga og Alice sin kvinnesirkel i R\u00f8ysveien 16, 1794 Sponvikai 2. etage. ParkeringVennligst parker inne i g\u00e5rdsplassen eller langs veien i R\u00f8ysveien. P\u00e5melding:Yoga &#8211; Send e-post til post@solkysteyoga.no eller sms til 99 400 395 Kvinnesirkler &#8211; Send &hellip; <a href=\"https:\/\/solkystenyoga.no\/index.php\/kontakt\/\">Les videre <span class=\"meta-nav\">&rarr;<\/span><\/a><\/p>\n","protected":false},"author":1,"featured_media":0,"parent":0,"menu_order":0,"comment_status":"closed","ping_status":"closed","template":"","meta":{"footnotes":""},"class_list":["post-117","page","type-page","status-publish","hentry"],"_links":{"self":[{"href":"https:\/\/solkystenyoga.no\/index.php\/wp-json\/wp\/v2\/pages\/117","targetHints":{"allow":["GET"]}}],"collection":[{"href":"https:\/\/solkystenyoga.no\/index.php\/wp-json\/wp\/v2\/pages"}],"about":[{"href":"https:\/\/solkystenyoga.no\/index.php\/wp-json\/wp\/v2\/types\/page"}],"author":[{"embeddable":true,"href":"https:\/\/solkystenyoga.no\/index.php\/wp-json\/wp\/v2\/users\/1"}],"replies":[{"embeddable":true,"href":"https:\/\/solkystenyoga.no\/index.php\/wp-json\/wp\/v2\/comments?post=117"}],"version-history":[{"count":7,"href":"https:\/\/solkystenyoga.no\/index.php\/wp-json\/wp\/v2\/pages\/117\/revisions"}],"predecessor-version":[{"id":177,"href":"https:\/\/solkystenyoga.no\/index.php\/wp-json\/wp\/v2\/pages\/117\/revisions\/177"}],"wp:attachment":[{"href":"https:\/\/solkystenyoga.no\/index.php\/wp-json\/wp\/v2\/media?parent=117"}],"curies":[{"name":"wp","href":"https:\/\/api.w.org\/{rel}","templated":true}]}}