{"id":18,"date":"2024-09-22T12:48:06","date_gmt":"2024-09-22T12:48:06","guid":{"rendered":"https:\/\/solkystenyoga.no\/?page_id=18"},"modified":"2025-11-23T12:33:27","modified_gmt":"2025-11-23T12:33:27","slug":"kvinnesirkel","status":"publish","type":"page","link":"https:\/\/solkystenyoga.no\/index.php\/kvinnesirkel\/","title":{"rendered":"Kvinnesirkel"},"content":{"rendered":"\n<p><strong>Velkommen til kvinnesirkel med Alice<\/strong><br>Mange lurer p\u00e5 hva egentlig en kvinnesirkel er, og det er en sirkel av kvinner som m\u00f8tes en gang i m\u00e5neden for \u00e5 dele erfaringer, st\u00f8tte hverandre, og skape et fellesskap med hjelp av meditasjoner og krystall syngeboller.<\/p>\n\n\n\n<p>Disse samlingene har ulike temaer innen feminine energier og kan hjelpe deg med personlig utvikling. Hovedm\u00e5let er \u00e5 skape et trygt rom hvor deltakerne kan uttrykke seg fritt, bli h\u00f8rt, og f\u00e5 st\u00f8tte.<\/p>\n\n\n\n<p>De ulike elementer i en kvinnesirkel kan v\u00e6re:<br>Deling av dine opplevelser under meditasjoner eller hva du opplever etter en krystall syngebolle &laquo;bad&raquo;, hvor kvinner deler opplevelser og erfaringer i en trygg og st\u00f8ttende atmosf\u00e6re.<\/p>\n\n\n\n<p>Vi praktiserer ulike former for meditasjon eller mindfulness for \u00e5 \u00f8ke bevisstheten og for \u00e5 f\u00e5 indre ro.<br>Temaer som kan hjelpe deg i din selvutvikling, og det kan v\u00e6re om gudinner, feminine energier og andre selvutviklings &laquo;verkt\u00f8y&raquo;.<br>Det er en gjensidig st\u00f8tte og veiledning under kvinnesirklene.<br>I den siste delen trekker du et kort, og ser om kortet gir deg en gjenklang p\u00e5 hva du har opplevd under kvinnesirkelen.<br>En kvinnesirkel er ment \u00e5 v\u00e6re inkluderende og samtidig gi en f\u00f8lelse av tilh\u00f8righet og styrke.<\/p>\n\n\n\n<p><strong>Kvinnesirkel med meditasjon &#8211; kommer 2026<\/strong><br><strong> Tirsdag kl 18.00 til kl 20.00<\/strong> &#8211; kr 250:-<br><strong>Tema: Vann elementet<\/strong><br>P\u00e5melding: send en sms p\u00e5 99\u00a0400\u00a0395 eller til kvinnesirkelmedalice@gmail.com<br>Det m\u00e5 v\u00e6re minimum 2 deltakere for at kvinnesirkelen gjennomf\u00f8res.<\/p>\n\n\n\n<p><strong>Kvinnesirkel med krystall syngeboller &#8211; kommer<\/strong> <strong>2026<\/strong><br><strong>Tirsdag kl 18.00 til kl 20.00<\/strong> &#8211; kr 250:-<br>P\u00e5melding: send en sms p\u00e5 99&nbsp;400&nbsp;395 eller kvinnesirkelmedalice@gmail.com<br>Det m\u00e5 v\u00e6re minimum 2 deltakere for at kvinnesirkelen gjennomf\u00f8res.<br><br>N\u00e5r det er kvinnesirkler med krystall syngeboller vil du ligge\/sitte behagelig p\u00e5 ullmatter med futonmatter under, for \u00e5 ta imot klangen fra syngebollene og er det kvinnesirkler med meditasjoner s\u00e5 sitter vi p\u00e5 stoler.<\/p>\n\n\n\n<figure class=\"wp-block-gallery has-nested-images columns-default is-cropped wp-block-gallery-1 is-layout-flex wp-block-gallery-is-layout-flex\">\n<figure class=\"wp-block-image size-large\"><img loading=\"lazy\" decoding=\"async\" width=\"768\" height=\"1024\" data-id=\"70\" src=\"https:\/\/solkystenyoga.no\/wp-content\/uploads\/2024\/09\/image0-768x1024.jpeg\" alt=\"\" class=\"wp-image-70\"\/><\/figure>\n<\/figure>\n\n\n\n<p><strong>Kvinnesirkler er viktige av flere grunner, b\u00e5de p\u00e5 personlig, sosialt og <br>p\u00e5 det samfunnsmessig niv\u00e5.<\/strong><br>Det \u00e5 kjenne p\u00e5 fellesskap og tilh\u00f8righet kan f\u00f8re til at Kvinnesirkler skaper et rom hvor<br>kvinner kan f\u00f8le seg inkludert og forst\u00e5tt. Dette fellesskapet kan bidra til \u00e5 redusere f\u00f8lelsen<br>av isolasjon og ensomhet, og fremmer en f\u00f8lelse av tilh\u00f8righet.<br><br>Ved \u00e5 dele erfaringer og st\u00f8tte hverandre, kan kvinner i en sirkel oppleve \u00f8kt styrke og<br>selvtillit. \u00c5 h\u00f8re andres historier og utfordringer kan gi inspirasjon og mot til \u00e5 m\u00f8te egne<br>utfordringer og f\u00f8le at det er flere enn meg som kan v\u00e6re i samme situasjon.<br>Kvinnesirkler tilbyr et trygt milj\u00f8 for selvutforskning og vekst. Gjennom deling, refleksjon og<br>aktiviteter som meditasjon, kan deltakerne oppn\u00e5 st\u00f8rre selvforst\u00e5else og selvaksept. Dette<br>kan f\u00f8re til en personlig utvikling.<br><br>For mange er kvinnesirkler et sted for \u00e5 utforske og utvikle sin spirituelle side. Meditasjoner<br>og andre spirituelle praksiser kan gi en dypere forbindelse til seg selv og noe st\u00f8rre.<br>Kvinnesirkler gir en plattform for \u00e5 dele og motta kunnskap om ulike temaer som helse,<br>relasjoner, karriere, og personlig utvikling. Dette kan bidra til bedre informerte og bevisste<br>livsvalg.<br>Det \u00e5 ha samv\u00e6r i en st\u00f8ttende gruppe kan redusere stress og angst. Deling av utfordringer og<br>f\u00f8lelser i et trygt milj\u00f8 kan v\u00e6re en form for emosjonell terapi.<\/p>\n","protected":false},"excerpt":{"rendered":"<p>Velkommen til kvinnesirkel med AliceMange lurer p\u00e5 hva egentlig en kvinnesirkel er, og det er en sirkel av kvinner som m\u00f8tes en gang i m\u00e5neden for \u00e5 dele erfaringer, st\u00f8tte hverandre, og skape et fellesskap med hjelp av meditasjoner og &hellip; <a href=\"https:\/\/solkystenyoga.no\/index.php\/kvinnesirkel\/\">Les videre <span class=\"meta-nav\">&rarr;<\/span><\/a><\/p>\n","protected":false},"author":1,"featured_media":0,"parent":0,"menu_order":0,"comment_status":"closed","ping_status":"closed","template":"","meta":{"footnotes":""},"class_list":["post-18","page","type-page","status-publish","hentry"],"_links":{"self":[{"href":"https:\/\/solkystenyoga.no\/index.php\/wp-json\/wp\/v2\/pages\/18","targetHints":{"allow":["GET"]}}],"collection":[{"href":"https:\/\/solkystenyoga.no\/index.php\/wp-json\/wp\/v2\/pages"}],"about":[{"href":"https:\/\/solkystenyoga.no\/index.php\/wp-json\/wp\/v2\/types\/page"}],"author":[{"embeddable":true,"href":"https:\/\/solkystenyoga.no\/index.php\/wp-json\/wp\/v2\/users\/1"}],"replies":[{"embeddable":true,"href":"https:\/\/solkystenyoga.no\/index.php\/wp-json\/wp\/v2\/comments?post=18"}],"version-history":[{"count":22,"href":"https:\/\/solkystenyoga.no\/index.php\/wp-json\/wp\/v2\/pages\/18\/revisions"}],"predecessor-version":[{"id":247,"href":"https:\/\/solkystenyoga.no\/index.php\/wp-json\/wp\/v2\/pages\/18\/revisions\/247"}],"wp:attachment":[{"href":"https:\/\/solkystenyoga.no\/index.php\/wp-json\/wp\/v2\/media?parent=18"}],"curies":[{"name":"wp","href":"https:\/\/api.w.org\/{rel}","templated":true}]}}