{"id":19,"date":"2024-09-22T12:48:29","date_gmt":"2024-09-22T12:48:29","guid":{"rendered":"https:\/\/solkystenyoga.no\/?page_id=19"},"modified":"2025-11-18T12:29:25","modified_gmt":"2025-11-18T12:29:25","slug":"solkysten-yoga","status":"publish","type":"page","link":"https:\/\/solkystenyoga.no\/index.php\/solkysten-yoga\/","title":{"rendered":"Solkysten Yoga"},"content":{"rendered":"\n<p>Solkysten Yoga er et yoga studio i Sponvika som er drevet av Alice Kj\u00f8lerbakken. Alice dro til India i 2014 for \u00e5 ta sin f\u00f8rste yoga utdannelse, og kun to \u00e5r senere s\u00e5 dro hun til Rishikesh, en hellig by i India, for \u00e5 fortsette med sin yoga utdannelse.&nbsp; Det har blitt flere utdannelser innen yoga og hun har ogs\u00e5 tatt Mindfulness insturkt\u00f8r utdannelse. I 2016 startet hun en yoga studio midt i Halden by, men m\u00e5tte gi seg pga pandemiet. Deretter s\u00e5 startet hun opp igjen i Sponvika og har n\u00e5 undervist i siden 2014.<\/p>\n\n\n\n<p>Yoga har forandret hele Alice sitt liv, fra \u00e5 v\u00e6re sengeliggende til at hun kan ha et kvalitetsliv. Med \u00e5 praktisere yoga og meditasjon gjennom flere \u00e5r, har gjort at hun kjenner kroppen sin mye bedre, og vet hva som er godt for den, og har f\u00e5tt en god kontakt innover.&nbsp; Takke v\u00e6re yoga og meditasjon har livet har blitt mye roligere og kvalitetsfylt.<\/p>\n\n\n\n<p>Fra januar i 2017 s\u00e5 begynte hun \u00e5 arbeide som frivillig gjennom R\u00f8de kors, og har hatt Hatha yoga med de innsatte i Halden Fengsel. Dette var en fortl\u00f8pende frivillig arbeidet som skjedde en gang i uka, og i tillegg hadde hun ogs\u00e5 sommeryoga med de innsatte. I 2019 begynte hun med \u00e5 undervise for Overgangsboligen for Halden Fengsel en gang i uken, og stoppet i 2020 pga pandemiet. Hun sluttet h\u00f8sten 2022 med Hathta yoga for de innsatte i Halden Fengsel.<br><br>Alice ble sertifisert som mindfulness instrukt\u00f8r i juni 2019 hos Creationwork, og har i alt 240 timers utdannelse som er godkjent av Norsk Psykolog Forening.<\/p>\n\n\n\n<p>Det ble et skift til et mer feminin energi h\u00f8sten 2022, og da startet Alice med kvinnesirkel. Det utviklet seg til \u00e5 ha to former for kvinnesirkler, en med krystall syngeboller og en med meditasjoner.<br>V\u00e5ren 2023 ble Alice ferdig med kvinnesirkel leder utdannelse fra Sverige.<\/p>\n\n\n\n<p><strong>Utdanning<\/strong><\/p>\n\n\n\n<ul class=\"wp-block-list\">\n<li>2025 &#8211; 2026 &#8211; Shamanic way of the womb &#8211; Sanctuary of Sophia (2 spiral)<br>2025 &#8211; Esoterisk astrologi &#8211; videreg\u00e5ende utd. med Astrolog Siv Nancy Ingvaldsen<\/li>\n\n\n\n<li>2024 &#8211; 2025 &#8211; Esoterisk astrologi &#8211; 1 \u00e5rs utd. med Astrolog Siv Nancy Ingvaldsen <\/li>\n\n\n\n<li>2024 &#8211; 2025 &#8211; Shamanic way of the Womb &#8211; Sanctuary of Sophia<\/li>\n\n\n\n<li>2023 &#8211; Kvinnesirkel leder utdannelse &#8211; med Anne Solveig og Camilla M\u00e5ne, Sverige<\/li>\n\n\n\n<li>2020 &#8211; 200 timers Yin Yoga utdannelse &#8211; Yin Yang Yoga Academy, Norway<\/li>\n\n\n\n<li>2019 &#8211; Mindfulness instrukt\u00f8rutdannelse 240 timers &#8211; Creationwork, Norway<\/li>\n\n\n\n<li>2017 &#8211; 300 timers yoga terapi utdannelse- Aura Wellness Center i USA<\/li>\n\n\n\n<li>2016 &#8211; Super Swing yoga Teacher Training -en helg<\/li>\n\n\n\n<li>2016 &#8211; RYS300 Yoga i Hatha og Ashtanga Yoga &#8211; Yoga alliance, India<\/li>\n\n\n\n<li>2013 &#8211; Alkymistisk hypnoterapeut, CHT &#8211; the Alchemy Institute of Hypnosis, Norway<\/li>\n\n\n\n<li>2014 &#8211; RYS200 Yoga i Hatha og Vinyasa flow &#8211; Yoga alliance, India<\/li>\n\n\n\n<li>2013 &#8211; Etablere praksis &#8211; the Alchemy Institute of Hypnosis<\/li>\n\n\n\n<li>2012 &#8211; Avhengighet- ry\u00f8king, overvekt, angst, fobier etc. &#8211; the Alchemy Institute of<br>Hypnosis<\/li>\n\n\n\n<li>2012 &#8211; Konferanserom terapi &#8211; the Alchemy Institute of Hypnosis<\/li>\n\n\n\n<li>2012 &#8211; Avansert regresjon til tidligere liv og indre hjelper -the Alchemy Institute of<br>Hypnosis<\/li>\n\n\n\n<li>2012 &#8211; F\u00f8lesesforl\u00f8sning &#8211; the Alchemy Institute of Hypnosis<\/li>\n\n\n\n<li>2011 og 2012 &#8211; Advanced somatic healing &#8211; the Alchemy Institute of Hypnosis<\/li>\n\n\n\n<li>2011 og 2012 &#8211; Somatic healing &#8211; the Alchemy Institute of Hypnosis<\/li>\n\n\n\n<li>2011 &#8211; Etikk for healing &#8211; Norsk Spiritualist Forening<\/li>\n\n\n\n<li>2011 &#8211; Integrert Hypnoterapi &#8211; modul 2 &#8211; integrert hypnoterapeut<\/li>\n\n\n\n<li>2010 &#8211; Sjokk og traumer del I og del II<\/li>\n\n\n\n<li>2009 &#8211; Integrert Hypnoterapi &#8211; modul 1 &#8211; hypnoterapeut<\/li>\n\n\n\n<li>2009 &#8211; Livet mellom livene ved Past Life Regression Academy<\/li>\n\n\n\n<li>2006 \u2013 2007 &#8211; Ett\u00e5rig regresjonsterapi utd. ved Past Life Regression Academy<\/li>\n\n\n\n<li>1997 &#8211; Cand.mag-grad<\/li>\n\n\n\n<li>1995 \u2013 1996 &#8211; Statsvitenskap grunnfag, H\u00f8gskolen i \u00d8stfold<\/li>\n\n\n\n<li>1989 \u2013 1992 &#8211; Diplom\u00f8konom, Handelsh\u00f8yskolen BI<br><br><br><strong>Kurs<\/strong><\/li>\n\n\n\n<li>2025 &#8211; Sjelearbeid &#8211; f\u00f8r &amp; etter d\u00f8d &#8211; Tilbake til Urkraft<\/li>\n\n\n\n<li>2024 &#8211; Sjamanistisk ekstrahering &#8211; Tilbake til Urkraft<\/li>\n\n\n\n<li>2023 &#8211; Sjamanistisk sjelehenting \u2013 Tilbake til Urkraft<\/li>\n\n\n\n<li>2023- Innf\u00f8ring i astrologi &#8211; Astrolog Siv Nancy Ingvaldsen, Hjertets Tempel<\/li>\n\n\n\n<li>2023 &#8211; Kvinners historie -Kvinneakademiet<\/li>\n\n\n\n<li>2023 &#8211; Villkvinnen sanne natur &#8211; Tilbake til Urkraften<\/li>\n\n\n\n<li>2022 &#8211; Sjamanistisk dr\u00f8mmearbeid &#8211; Tilbake til Urkraften<\/li>\n\n\n\n<li>2022 &#8211; Villkvinnen oppstandelse &#8211; Tilbake til Urkraften<\/li>\n\n\n\n<li>2022 &#8211; Grunnkurs i sjamanisme &#8211; Tilbake til Urkraften<\/li>\n\n\n\n<li>2017 \u2013 Workshop i Chakra,&nbsp;hos Jeanne Heileman fra Los Angeles, California USA<\/li>\n\n\n\n<li>2017 \u2013 Den tibetanske kunsten \u00e5 tenke positivt med Christopher Hansard<\/li>\n\n\n\n<li>2015 \u2013 Hvordan v\u00e6re deg selv &#8211; helbred sinne, frykt og f\u00f8lelse av \u00e5 bli overveldet med<br>Christopher Hansard<\/li>\n\n\n\n<li>2014 \u2013 M\u00f8t dine forfedre &#8211; helbred ditt liv med Christopher Hansard<br>2013 \u2013 L\u00e6r &#8211; v\u00e6re levende &#8211; takknemlighet med Christopher Hansard<\/li>\n\n\n\n<li>2013 \u2013 Transformer dine hindringer med Christopher Hansard<\/li>\n\n\n\n<li>2007 \u2013 Grunnkurs i hypnose<\/li>\n\n\n\n<li>2007 \u2013 Healing med Anne Jones<\/li>\n\n\n\n<li>2007 \u2013 Transekurs med Jill Petersson.<\/li>\n\n\n\n<li>2006 \u2013 Mediumutviklingskurs med Iris Hall<\/li>\n\n\n\n<li>Kanalisering med Synn\u00f8ve i Astral<\/li>\n\n\n\n<li>Silva Ultra Mind metoden.<\/li>\n<\/ul>\n\n\n\n<figure class=\"wp-block-gallery has-nested-images columns-default is-cropped wp-block-gallery-1 is-layout-flex wp-block-gallery-is-layout-flex\">\n<figure class=\"wp-block-image size-large\"><img loading=\"lazy\" decoding=\"async\" width=\"768\" height=\"1024\" data-id=\"181\" src=\"https:\/\/solkystenyoga.no\/wp-content\/uploads\/2024\/10\/IMG_2298-768x1024.jpg\" alt=\"\" class=\"wp-image-181\" srcset=\"https:\/\/solkystenyoga.no\/wp-content\/uploads\/2024\/10\/IMG_2298-768x1024.jpg 768w, https:\/\/solkystenyoga.no\/wp-content\/uploads\/2024\/10\/IMG_2298-225x300.jpg 225w, https:\/\/solkystenyoga.no\/wp-content\/uploads\/2024\/10\/IMG_2298-1152x1536.jpg 1152w, https:\/\/solkystenyoga.no\/wp-content\/uploads\/2024\/10\/IMG_2298-1536x2048.jpg 1536w, https:\/\/solkystenyoga.no\/wp-content\/uploads\/2024\/10\/IMG_2298-scaled.jpg 1920w\" sizes=\"auto, (max-width: 768px) 100vw, 768px\" \/><\/figure>\n<\/figure>\n","protected":false},"excerpt":{"rendered":"<p>Solkysten Yoga er et yoga studio i Sponvika som er drevet av Alice Kj\u00f8lerbakken. Alice dro til India i 2014 for \u00e5 ta sin f\u00f8rste yoga utdannelse, og kun to \u00e5r senere s\u00e5 dro hun til Rishikesh, en hellig by &hellip; <a href=\"https:\/\/solkystenyoga.no\/index.php\/solkysten-yoga\/\">Les videre <span class=\"meta-nav\">&rarr;<\/span><\/a><\/p>\n","protected":false},"author":1,"featured_media":0,"parent":0,"menu_order":0,"comment_status":"closed","ping_status":"closed","template":"","meta":{"footnotes":""},"class_list":["post-19","page","type-page","status-publish","hentry"],"_links":{"self":[{"href":"https:\/\/solkystenyoga.no\/index.php\/wp-json\/wp\/v2\/pages\/19","targetHints":{"allow":["GET"]}}],"collection":[{"href":"https:\/\/solkystenyoga.no\/index.php\/wp-json\/wp\/v2\/pages"}],"about":[{"href":"https:\/\/solkystenyoga.no\/index.php\/wp-json\/wp\/v2\/types\/page"}],"author":[{"embeddable":true,"href":"https:\/\/solkystenyoga.no\/index.php\/wp-json\/wp\/v2\/users\/1"}],"replies":[{"embeddable":true,"href":"https:\/\/solkystenyoga.no\/index.php\/wp-json\/wp\/v2\/comments?post=19"}],"version-history":[{"count":20,"href":"https:\/\/solkystenyoga.no\/index.php\/wp-json\/wp\/v2\/pages\/19\/revisions"}],"predecessor-version":[{"id":243,"href":"https:\/\/solkystenyoga.no\/index.php\/wp-json\/wp\/v2\/pages\/19\/revisions\/243"}],"wp:attachment":[{"href":"https:\/\/solkystenyoga.no\/index.php\/wp-json\/wp\/v2\/media?parent=19"}],"curies":[{"name":"wp","href":"https:\/\/api.w.org\/{rel}","templated":true}]}}